{"id":2283,"date":"2022-06-20T14:04:52","date_gmt":"2022-06-20T14:04:52","guid":{"rendered":"https:\/\/fromchopinsland.com\/?page_id=2283"},"modified":"2022-06-21T08:01:06","modified_gmt":"2022-06-21T08:01:06","slug":"regulamin-strony","status":"publish","type":"page","link":"https:\/\/fromchopinsland.com\/pl\/regulamin-strony\/","title":{"rendered":"Regulamin strony"},"content":{"rendered":"\n<p><\/p>\n\n\n\n<p><strong>1. POSTANOWIENIA OG\u00d3LNE<\/strong><\/p>\n\n\n\n<p>Strona <a href=\"http:\/\/www.fromchopinsland.com\">www.fromchopinsland.com<\/a>, dzia\u0142a na zasadach okre\u015blonych w niniejszym Regulaminie.<\/p>\n\n\n\n<p>Regulamin okre\u015bla rodzaje i zakres us\u0142ug \u015bwiadczonych drog\u0105 elektroniczn\u0105 przez stron\u0119 <a href=\"http:\/\/www.fromchopinsland.com\">www.fromchopinsland.com<\/a><a href=\"http:\/\/www.????????.pl\"><\/a>, zasady \u015bwiadczenia tych us\u0142ug, warunki zawierania i rozwi\u0105zywania um\u00f3w o \u015bwiadczenie us\u0142ug drog\u0105 elektroniczn\u0105, a tak\u017ce tryb post\u0119powania reklamacyjnego.<\/p>\n\n\n\n<p>Ka\u017cdy Us\u0142ugobiorca z chwil\u0105 podj\u0119cia czynno\u015bci zmierzaj\u0105cych do korzystania z Us\u0142ug elektronicznych poprzez stron\u0119 <a href=\"http:\/\/www.fromchopinsland.com\">www.fromchopinsland.com<\/a>, zobowi\u0105zany jest do przestrzegania postanowie\u0144 niniejszego Regulaminu.<\/p>\n\n\n\n<p>W sprawach nieuregulowanych w niniejszym Regulaminie maj\u0105 zastosowanie przepisy:<br>a) Ustawy o \u015bwiadczeniu us\u0142ug drog\u0105 elektroniczn\u0105 z dnia 18 lipca 2002 r. (Dz. U. Nr 144, poz. 1204 ze zm.),<br>b) Ustawy o prawach konsumenta z dnia 30 maja 2014 r. (Dz. U. 2014 poz. 827),<br>c) Ustawy Kodeks cywilny z dnia 23 kwietnia 1964 r. (Dz. U. nr 16, poz. 93 ze zm.) oraz inne w\u0142a\u015bciwe przepisy prawa polskiego.<\/p>\n\n\n\n<p><strong>2. DEFINICJE<\/strong><\/p>\n\n\n\n<p>Regulamin \u2013 niniejszy regulamin strony internetowej Muzyka z kraju Chopina.<\/p>\n\n\n\n<p>Us\u0142ugodawca \u2013 prowadz\u0105cy dzia\u0142alno\u015b\u0107 statutow\u0105 z wykorzystaniem d\u00f3br kultury pod nazw\u0105 Polskie Wydawnictwo Muzyczne (PWM), adres siedziby: al. Krasi\u0144skiego 11a, 31-111 Krak\u00f3w, adres do dor\u0119cze\u0144: ul. Fredry 8, 00-097 Warszawa, NIP: 6762502246, REGON: 363717113, adres poczty elektronicznej: <a href=\"..\/AppData\/Local\/Temp\/notesA180E7\/pwm@pwm.com.pl\">pwm@pwm.com.pl<\/a>, tel.: +48 12 422 70 44.<\/p>\n\n\n\n<p>Us\u0142ugobiorca \u2013 osoba fizyczna, osoba prawna albo jednostka organizacyjna nieposiadaj\u0105ca osobowo\u015bci prawnej, kt\u00f3rej ustawa przyznaje zdolno\u015b\u0107 prawn\u0105 korzystaj\u0105ca z Us\u0142ugi elektronicznej.<\/p>\n\n\n\n<p>Us\u0142uga elektroniczna \u2013 us\u0142uga \u015bwiadczona drog\u0105 elektroniczn\u0105 przez Us\u0142ugodawc\u0119 na rzecz Us\u0142ugobiorcy za po\u015brednictwem Strony.<\/p>\n\n\n\n<p>Newsletter \u2013 Us\u0142uga elektroniczna pozwalaj\u0105ca Us\u0142ugobiorcy na subskrybowanie i otrzymywanie na podany przez Us\u0142ugobiorc\u0119 adres e-mail bezp\u0142atnych informacji pochodz\u0105cych od Us\u0142ugodawcy.<\/p>\n\n\n\n<p><strong>3. RODZAJ I ZAKRES US\u0141UG ELEKTRONICZNYCH<\/strong><\/p>\n\n\n\n<p>Us\u0142ugodawca umo\u017cliwia za po\u015brednictwem strony korzystanie z Us\u0142ug elektronicznych takich jak:<\/p>\n\n\n\n<p>a) korzystanie z Newslettera,<\/p>\n\n\n\n<p>b) korzystanie z Facebooka,<\/p>\n\n\n\n<p>c) korzystanie z Instagrama,<\/p>\n\n\n\n<p>d) korzystanie z Youtuba, <\/p>\n\n\n\n<p>f) korzystanie z Twittera.<\/p>\n\n\n\n<p>\u015awiadczenie Us\u0142ug Elektronicznych na rzecz Us\u0142ugobiorc\u00f3w odbywa si\u0119 na warunkach okre\u015blonych w Regulaminie.<\/p>\n\n\n\n<p><strong>4. WARUNKI \u015aWIADCZENIA I ZAWIERANIA UM\u00d3W O \u015aWIADCZENIE US\u0141UG ELEKTRONICZNYCH<\/strong><\/p>\n\n\n\n<p>\u015awiadczenie Us\u0142ug elektronicznych okre\u015blonych w Rozdziale 3 Regulaminu przez Us\u0142ugodawc\u0119 jest nieodp\u0142atne. Umowa o \u015bwiadczenie Us\u0142ugi elektronicznej polegaj\u0105cej na korzystaniu z Newslettera oraz pozosta\u0142ych portali internetowych zawierana jest na czas nieoznaczony.<\/p>\n\n\n\n<p>Wymagania techniczne niezb\u0119dne do wsp\u00f3\u0142pracy z systemem teleinformatycznym, kt\u00f3rym pos\u0142uguje si\u0119 Us\u0142ugodawca:<\/p>\n\n\n\n<p>a) komputer z dost\u0119pem do Internetu,<\/p>\n\n\n\n<p>b) dost\u0119p do poczty elektronicznej,<\/p>\n\n\n\n<p>c) przegl\u0105darka internetowa,<\/p>\n\n\n\n<p>d) w\u0142\u0105czenie w przegl\u0105darce internetowej cookies oraz javascript.<\/p>\n\n\n\n<p>Us\u0142ugobiorca zobowi\u0105zany jest do korzystania ze strony w spos\u00f3b zgodny z prawem i dobrymi obyczajami maj\u0105c na uwadze poszanowanie d\u00f3br osobistych i praw w\u0142asno\u015bci intelektualnej os\u00f3b trzecich.<\/p>\n\n\n\n<p>Us\u0142ugobiorca zobowi\u0105zany jest do wprowadzania danych zgodnych ze stanem faktycznym.<\/p>\n\n\n\n<p>Us\u0142ugobiorc\u0119 obowi\u0105zuje zakaz dostarczania tre\u015bci o charakterze bezprawnym.<\/p>\n\n\n\n<p><strong>5. WARUNKI ROZWI\u0104ZYWANIA UM\u00d3W O \u015aWIADCZENIE US\u0141UG ELEKTRONICZNYCH<\/strong><\/p>\n\n\n\n<p>Wypowiedzenie umowy o \u015bwiadczenie Us\u0142ugi elektronicznej:<br>Wypowiedzeniu mo\u017ce ulec umowa o \u015bwiadczenie Us\u0142ugi elektronicznej o charakterze ci\u0105g\u0142ym i bezterminowym (np. korzystanie z Newslettera oraz pozosta\u0142ych portali internetowych).<\/p>\n\n\n\n<p>Us\u0142ugobiorca mo\u017ce wypowiedzie\u0107 umow\u0119 ze skutkiem natychmiastowym i bez wskazywania przyczyn.<\/p>\n\n\n\n<p>Us\u0142ugodawca mo\u017ce wypowiedzie\u0107 umow\u0119 o \u015bwiadczenie Us\u0142ugi elektronicznej o charakterze ci\u0105g\u0142ym i bezterminowym w przypadku, gdy Us\u0142ugobiorca narusza Regulamin, w szczeg\u00f3lno\u015bci, gdy dostarcza tre\u015bci o charakterze bezprawnym po bezskutecznym wcze\u015bniejszym wezwaniu do zaprzestania narusze\u0144 z wyznaczeniem odpowiedniego terminu. Umowa w takim wypadku wygasa po up\u0142ywie 7 dni od dnia z\u0142o\u017cenia o\u015bwiadczenia woli o jej wypowiedzeniu (okres wypowiedzenia).<\/p>\n\n\n\n<p>Wypowiedzenie prowadzi do ustania stosunku prawnego ze skutkiem na przysz\u0142o\u015b\u0107.<\/p>\n\n\n\n<p>Us\u0142ugodawca i Us\u0142ugobiorca mog\u0105 rozwi\u0105za\u0107 umow\u0119 o \u015bwiadczenie Us\u0142ugi elektronicznej w ka\u017cdym czasie w drodze porozumienia stron.<\/p>\n\n\n\n<p><strong>6. TRYB POST\u0118POWANIA REKLAMACYJNEGO<\/strong><\/p>\n\n\n\n<p>Reklamacje zwi\u0105zane ze \u015bwiadczeniem Us\u0142ug elektronicznych przez Us\u0142ugodawc\u0119:<\/p>\n\n\n\n<p>Reklamacje zwi\u0105zane ze \u015bwiadczeniem Us\u0142ug elektronicznych za po\u015brednictwem strony Us\u0142ugobiorca mo\u017ce sk\u0142ada\u0107 za po\u015brednictwem poczty elektronicznej na adres: <a href=\"mailto:pwm@pwm.com.pl\">pwm@pwm.com.pl<\/a><\/p>\n\n\n\n<p>W powy\u017cszej wiadomo\u015bci e-mail, nale\u017cy poda\u0107 jak najwi\u0119cej informacji i okoliczno\u015bci dotycz\u0105cych przedmiotu reklamacji, w szczeg\u00f3lno\u015bci rodzaj i dat\u0119 wyst\u0105pienia nieprawid\u0142owo\u015bci oraz dane kontaktowe. Podane informacje znacznie u\u0142atwi\u0105 i przyspiesz\u0105 rozpatrzenie reklamacji przez Us\u0142ugodawc\u0119.<\/p>\n\n\n\n<p>Rozpatrzenie reklamacji przez Us\u0142ugodawc\u0119 nast\u0119puje niezw\u0142ocznie, nie p\u00f3\u017aniej ni\u017c w terminie 14 dni.<\/p>\n\n\n\n<p>Odpowied\u017a Us\u0142ugodawcy w sprawie reklamacji jest wysy\u0142ana na adres e-mail Us\u0142ugobiorcy podany w zg\u0142oszeniu reklamacyjnym lub w inny podany przez Us\u0142ugobiorc\u0119 spos\u00f3b.<\/p>\n\n\n\n<p><strong>7. W\u0141ASNO\u015a\u0106 INTELEKTUALNA<\/strong><\/p>\n\n\n\n<p>Wszystkie tre\u015bci zamieszczone na stronie internetowej <a href=\"http:\/\/www.fromchopinsland.com\">www.fromchopinsland.com<\/a>, korzystaj\u0105 z ochrony prawno-autorskiej i s\u0105 w\u0142asno\u015bci\u0105 PWM. Us\u0142ugobiorca ponosi pe\u0142n\u0105 odpowiedzialno\u015b\u0107 za szkod\u0119 wyrz\u0105dzon\u0105 Us\u0142ugodawcy, b\u0119d\u0105c\u0105 nast\u0119pstwem u\u017cycia jakiejkolwiek zawarto\u015bci strony <a href=\"http:\/\/www.fromchopinsland.com\">www.fromchopinsland.com<\/a><a href=\"http:\/\/www.?????????????y.pl\"><\/a>, bez zgody Us\u0142ugodawcy.<\/p>\n\n\n\n<p>Jakiekolwiek wykorzystanie przez kogokolwiek, bez wyra\u017anej pisemnej zgody Us\u0142ugodawcy, kt\u00f3regokolwiek z element\u00f3w sk\u0142adaj\u0105cych si\u0119 na tre\u015b\u0107 oraz zawarto\u015b\u0107 strony <a href=\"http:\/\/www.fromchopinsland.com\">www.fromchopinsland.com<\/a>, stanowi naruszenie prawa autorskiego przys\u0142uguj\u0105cego Us\u0142ugodawcy i skutkuje odpowiedzialno\u015bci\u0105 cywilnoprawn\u0105 oraz karn\u0105.<\/p>\n\n\n\n<p><strong>8. POSTANOWIENIA KO\u0143COWE<\/strong><\/p>\n\n\n\n<p>Umowy zawierane za po\u015brednictwem strony zawierane s\u0105 zgodnie z prawem polskim.<\/p>\n\n\n\n<p>W przypadku niezgodno\u015bci jakiejkolwiek cz\u0119\u015bci Regulaminu z obowi\u0105zuj\u0105cym prawem, w miejsce zakwestionowanego przepisu Regulaminu zastosowanie maj\u0105 w\u0142a\u015bciwe przepisy prawa polskiego.<\/p>\n","protected":false},"excerpt":{"rendered":"<p>1. POSTANOWIENIA OG\u00d3LNE Strona www.fromchopinsland.com, dzia\u0142a na zasadach okre\u015blonych w niniejszym Regulaminie. Regulamin okre\u015bla rodzaje i zakres us\u0142ug \u015bwiadczonych drog\u0105 elektroniczn\u0105 przez stron\u0119 www.fromchopinsland.com, zasady \u015bwiadczenia tych us\u0142ug, warunki zawierania i rozwi\u0105zywania um\u00f3w o \u015bwiadczenie us\u0142ug drog\u0105 elektroniczn\u0105, a tak\u017ce tryb post\u0119powania reklamacyjnego. Ka\u017cdy Us\u0142ugobiorca z chwil\u0105 podj\u0119cia czynno\u015bci zmierzaj\u0105cych do korzystania z Us\u0142ug elektronicznych [&hellip;]<\/p>\n","protected":false},"author":4,"featured_media":0,"parent":0,"menu_order":0,"comment_status":"closed","ping_status":"closed","template":"","meta":{"_acf_changed":false,"inline_featured_image":false,"footnotes":""},"class_list":["post-2283","page","type-page","status-publish","hentry"],"acf":[],"_links":{"self":[{"href":"https:\/\/fromchopinsland.com\/pl\/wp-json\/wp\/v2\/pages\/2283","targetHints":{"allow":["GET"]}}],"collection":[{"href":"https:\/\/fromchopinsland.com\/pl\/wp-json\/wp\/v2\/pages"}],"about":[{"href":"https:\/\/fromchopinsland.com\/pl\/wp-json\/wp\/v2\/types\/page"}],"author":[{"embeddable":true,"href":"https:\/\/fromchopinsland.com\/pl\/wp-json\/wp\/v2\/users\/4"}],"replies":[{"embeddable":true,"href":"https:\/\/fromchopinsland.com\/pl\/wp-json\/wp\/v2\/comments?post=2283"}],"version-history":[{"count":9,"href":"https:\/\/fromchopinsland.com\/pl\/wp-json\/wp\/v2\/pages\/2283\/revisions"}],"predecessor-version":[{"id":2307,"href":"https:\/\/fromchopinsland.com\/pl\/wp-json\/wp\/v2\/pages\/2283\/revisions\/2307"}],"wp:attachment":[{"href":"https:\/\/fromchopinsland.com\/pl\/wp-json\/wp\/v2\/media?parent=2283"}],"curies":[{"name":"wp","href":"https:\/\/api.w.org\/{rel}","templated":true}]}}