{"id":2299,"date":"2022-06-21T07:53:06","date_gmt":"2022-06-21T07:53:06","guid":{"rendered":"https:\/\/fromchopinsland.com\/?page_id=2299"},"modified":"2022-06-27T07:34:30","modified_gmt":"2022-06-27T07:34:30","slug":"polityka-prywatnosci","status":"publish","type":"page","link":"https:\/\/fromchopinsland.com\/pl\/polityka-prywatnosci\/","title":{"rendered":"Polityka prywatno\u015bci"},"content":{"rendered":"\n<p><em>Szanowni Pa\u0144stwo!<\/em><\/p>\n\n\n\n<p><em>Dbamy o Wasz\u0105 prywatno\u015b\u0107 i zale\u017cy nam, aby\u015bcie czuli si\u0119 z nami komfortowo, w zwi\u0105zku z tym dostosowali\u015bmy kilka element\u00f3w by u\u0142atwi\u0107 Pa\u0144stwu wgl\u0105d w rodzaje i cele gromadzonych danych<\/em>.<\/p>\n\n\n\n<p><strong>1. Postanowienia og\u00f3lne<\/strong><\/p>\n\n\n\n<p>Niniejsza polityka prywatno\u015bci serwisu internetowego ma charakter informacyjny. Wydawca serwisu internetowego, MzkCh stosuje odpowiednie rozwi\u0105zania technologiczne zapobiegaj\u0105ce ingerencji os\u00f3b trzecich w&nbsp;prywatno\u015b\u0107 u\u017cytkownik\u00f3w. Dbamy, by przetwarzanie Pa\u0144stwa danych osobowych odbywa\u0142o si\u0119 zgodnie z przepisami:<\/p>\n\n\n\n<p>Rozporz\u0105dzenia Parlamentu Europejskiego i Rady (UE) 2016\/679 z dnia 27 kwietnia 2016 r. w sprawie ochrony os\u00f3b fizycznych w zwi\u0105zku z przetwarzaniem danych osobowych i w sprawie swobodnego przep\u0142ywu takich danych (RODO),<\/p>\n\n\n\n<p>Ustawy o ochronie danych osobowych z dnia 10 maja 2018 r. (Dz. U. z 2018 r., poz. 1000 z p\u00f3\u017an. zm.),<\/p>\n\n\n\n<p>Ustawy z dnia 21 lutego 2019 r. (Dz.U. z 2019 r. poz. 730 z p\u00f3\u017an. zm.) o zmianie niekt\u00f3rych ustaw w zwi\u0105zku z zapewnieniem stosowania rozporz\u0105dzenia Parlamentu Europejskiego i Rady (UE) 2016\/679 z dnia 27 kwietnia 2016 r. w sprawie ochrony os\u00f3b fizycznych w zwi\u0105zku z przetwarzaniem danych osobowych i w sprawie swobodnego przep\u0142ywu takich danych oraz uchylenia dyrektywy 95\/46\/WE (RODO),<\/p>\n\n\n\n<p>Ustawy o \u015bwiadczeniu us\u0142ug drog\u0105 elektroniczn\u0105 z dnia 18 lipca 2002 r. (Dz. U. z 2002 r. Nr 144, poz. 1204 z p\u00f3\u017an. zm.).<\/p>\n\n\n\n<p><strong>2. Administrator danych<\/strong><\/p>\n\n\n\n<p>Administratorem przetwarzanych danych osobowych jest Polskie Wydawnictwo Muzyczne (PWM), z siedzib\u0105 przy al. Krasi\u0144skiego 11a, (31-111) Krak\u00f3w, zwany dalej Administratorem. Kontakt z Administratorem tel. +48 12 422 70 44<br>fax. + 48 12&nbsp;422 01 74, e-mail: <a href=\"pwm@pwm.com.pl%20\">pwm@pwm.com.pl<\/a><\/p>\n\n\n\n<p><strong>3. Inspektor Ochrony Danych<\/strong><\/p>\n\n\n\n<p>Kontakt z Inspektorem Ochrony Danych odpowiedzialnym za ochron\u0119 danych osobowych w Wydawnictwie: tel. +48 12 422 70 44 wew. 140, e-mail: <a href=\"mailto:iod@pwm.com.pl\">iod@pwm.com.pl<\/a><\/p>\n\n\n\n<p><strong>4. Zasady przetwarzania danych osobowych<\/strong><\/p>\n\n\n\n<p>Dok\u0142adamy staranno\u015bci w celu ochrony interes\u00f3w os\u00f3b, kt\u00f3rych dane dotycz\u0105, a w szczeg\u00f3lno\u015bci zapewniamy, aby by\u0142y:<\/p>\n\n\n\n<p>przetwarzane zgodnie z prawem, rzetelnie i w spos\u00f3b przejrzysty dla osoby, kt\u00f3rej dotycz\u0105,<\/p>\n\n\n\n<p>zbierane w konkretnych, wyra\u017anych i prawnie uzasadnionych celach i nieprzetwarzane w spos\u00f3b niezgodny z tymi celami,<\/p>\n\n\n\n<p>adekwatne, stosowne oraz ograniczone do tego, co niezb\u0119dne do cel\u00f3w, w kt\u00f3rych s\u0105 przetwarzane,<\/p>\n\n\n\n<p>prawid\u0142owe i w razie potrzeby uaktualniane; przechowywane w formie umo\u017cliwiaj\u0105cej identyfikacj\u0119 osoby, kt\u00f3rej dane dotycz\u0105, przez okres nie d\u0142u\u017cszy, ni\u017c jest to niezb\u0119dne do cel\u00f3w,<\/p>\n\n\n\n<p>przetwarzane w spos\u00f3b zapewniaj\u0105cy odpowiednie bezpiecze\u0144stwo, w tym ochron\u0119 przed niedozwolonym lub niezgodnym z prawem przetwarzaniem oraz przypadkow\u0105 utrat\u0105, zniszczeniem.<\/p>\n\n\n\n<p>Podejmujemy dzia\u0142ania, aby dane osobowe, kt\u00f3re s\u0105 nieprawid\u0142owe w \u015bwietle cel\u00f3w ich przetwarzania, zosta\u0142y niezw\u0142ocznie usuni\u0119te lub sprostowane.<\/p>\n\n\n\n<p><strong>5. Cel oraz podstawa prawna przetwarzania danych osobowych<\/strong><\/p>\n\n\n\n<p>Podstaw\u0105 prawn\u0105 przetwarzania danych s\u0105 przepisy art. 6 ust. 1 RODO. Dane osobowe przetwarzamy w nast\u0119puj\u0105cych celach i w oparciu o nast\u0119puj\u0105ce podstawy prawne:<\/p>\n\n\n\n<p>prawnie uzasadnionych interes\u00f3w Administratora, w tym mi\u0119dzy innymi w celu kierowania bezp\u0142atnej i p\u0142atnej oferty o artystycznych wydarzeniach muzycznych (r\u00f3wnie\u017c za pomoc\u0105 zewn\u0119trznych us\u0142ugodawc\u00f3w), us\u0142ug sprzeda\u017cy (sklep stacjonarny i internetowy) oraz poprzez dost\u0119pne kana\u0142y komunikacji, w szczeg\u00f3lno\u015bci i za pa\u0144stwa zgod\u0105, poprzez e-mail, telefon, portale internetowe, media spo\u0142eczno\u015bciowe tj. na podstawie art. 6 ust. 1 lit. f RODO,<\/p>\n\n\n\n<p>pozosta\u0142e cele, w tym w zwi\u0105zane z realizacj\u0105 misji statutowej Administratora.<\/p>\n\n\n\n<p>Podanie przez Pa\u0144stwa danych osobowych jest dobrowolne, jednak jest niezb\u0119dne do realizacji celu, w kt\u00f3rym s\u0105 zbierane.<\/p>\n\n\n\n<p><strong>6. Jakie dane zbieramy i w jakim celu?<\/strong><\/p>\n\n\n\n<p>Zakres i cel zbierania danych przez MzkCh zale\u017cy od aktywno\u015bci Pa\u0144stwa w serwisie internetowym.<\/p>\n\n\n\n<p><em><u>Newsletter PWM<\/u><\/em><\/p>\n\n\n\n<p>Pa\u0144stwu, kt\u00f3rzy w tym celu podali sw\u00f3j adres e-mail, PWM \u015bwiadczy us\u0142ugi Newslettera, czyli dostarczania informacji handlowych dotycz\u0105cych oferowanych przez PWM produkt\u00f3w lub us\u0142ug. Podanie tych danych jest dobrowolne, ale niezb\u0119dne do wysy\u0142ki Newslettera. Dane osobowe s\u0105 przetwarzane:<\/p>\n\n\n\n<p>w przypadku kierowania do Pa\u0144stwa tre\u015bci marketingowych w ramach Newslettera, podstaw\u0105 prawn\u0105 przetwarzania, jest prawnie uzasadniony interes, a w przypadku, gdy Pa\u0144stwo wyrazili zgod\u0119 na otrzymywanie tre\u015bci marketingowych dotycz\u0105cych naszych partner\u00f3w, zgoda,<\/p>\n\n\n\n<p>w celu ewentualnego ustalenia, dochodzenia lub obrony przed roszczeniami, podstaw\u0105 prawn\u0105 przetwarzania jest prawnie uzasadniony interes polegaj\u0105cy na ochronie praw PWM,<\/p>\n\n\n\n<p>w celach analitycznych i statystycznych, podstaw\u0105 prawn\u0105 przetwarzania jest prawnie uzasadniony interes, polegaj\u0105cy na prowadzeniu analiz aktywno\u015bci Pa\u0144stwa w serwisie, w celu doskonalenia stosowanych funkcjonalno\u015bci i poprawy oferty PWM.<\/p>\n\n\n\n<p><em><u>Dane Pa\u0144stwa, kt\u00f3re pobierane s\u0105 automatycznie po wej\u015bciu do serwisu<\/u><\/em><\/p>\n\n\n\n<p>W celu umo\u017cliwienia \u015bwiadczenia us\u0142ugi oraz w celu ochrony praw autorskich, jak r\u00f3wnie\u017c w celach statystyczno-rozliczeniowych serwis internetowy MzkCh przetwarza dane charakteryzuj\u0105ce spos\u00f3b korzystania przez Pa\u0144stwa z us\u0142ug, oferty serwisu. W tym celu serwer:<\/p>\n\n\n\n<p>monitoruje adres IP, z kt\u00f3rego \u0142\u0105czycie si\u0119 Pa\u0144stwo,<\/p>\n\n\n\n<p>zbiera informacje statystyczne o przegl\u0105danych stronach.<\/p>\n\n\n\n<p>Serwis nie przechowuje \u017cadnych informacji o konfiguracji sprz\u0119towej komputera lub programach zainstalowanych na Pa\u0144stwa komputerze.<\/p>\n\n\n\n<p>System informatyczny, z kt\u00f3rego korzysta serwis automatycznie gromadzi w logach dane zwi\u0105zane z urz\u0105dzeniem, z kt\u00f3rego korzystacie Pa\u0144stwo \u0142\u0105cz\u0105c si\u0119 z serwisem. Dane te gromadzone s\u0105 jedynie w celach statystycznych i dotycz\u0105:<\/p>\n\n\n\n<p>typu urz\u0105dzenia,<\/p>\n\n\n\n<p>systemu operacyjnego,<\/p>\n\n\n\n<p>rodzaju przegl\u0105darki internetowej,<\/p>\n\n\n\n<p>rozdzielczo\u015bci ekranu,<\/p>\n\n\n\n<p>g\u0142\u0119bi kolor\u00f3w,<\/p>\n\n\n\n<p>IP,<\/p>\n\n\n\n<p>dostawcy us\u0142ug internetowych,<\/p>\n\n\n\n<p>adresu wej\u015bcia na serwis.<\/p>\n\n\n\n<p>Ww. dane s\u0105 wykorzystywane jedynie w procesie optymalizacji serwisu w celu zapewnienia jak najwi\u0119kszej wygody korzystania, co stanowi prawnie uzasadniony interes MzkCh. Dane te nie s\u0105 nigdy \u0142\u0105czone z innymi danymi i stanowi\u0105 jedynie materia\u0142 do analizy statystyczne i mechanizm\u00f3w korygowania b\u0142\u0119d\u00f3w systemowych.<\/p>\n\n\n\n<p><strong>7. Przys\u0142uguj\u0105ce prawa w zwi\u0105zku z przetwarzaniem danych osobowych<\/strong><\/p>\n\n\n\n<p>Podejmujemy odpowiednie \u015brodki, aby w zwi\u0119z\u0142ej, przejrzystej, zrozumia\u0142ej i \u0142atwo dost\u0119pnej formie, jasnym i prostym j\u0119zykiem, udzieli\u0107 wszelkich stosownych informacji oraz prowadzi\u0107 wszelk\u0105 komunikacj\u0119 w sprawie przetwarzania danych osobowych w zwi\u0105zku z realizacj\u0105 przys\u0142uguj\u0105cego prawa do:<\/p>\n\n\n\n<p>informacji udzielanych przy pozyskiwaniu danych osobowych,<\/p>\n\n\n\n<p>informacji udzielanych na wniosek, o tym, czy dane s\u0105 przetwarzane oraz innych kwestiach okre\u015blonych w art. 15 RODO, w tym prawa do kopii danych,<\/p>\n\n\n\n<p>sprostowania danych,<\/p>\n\n\n\n<p>bycia zapomnianym,<\/p>\n\n\n\n<p>ograniczenia przetwarzania,<\/p>\n\n\n\n<p>przenoszenia danych,<\/p>\n\n\n\n<p>sprzeciwu,<\/p>\n\n\n\n<p>niepodlegania decyzji opieraj\u0105cej si\u0119 wy\u0142\u0105cznie na zautomatyzowanym przetwarzaniu (w tym profilowaniu),<\/p>\n\n\n\n<p>informacji o naruszeniu ochrony danych.<\/p>\n\n\n\n<p>Ponadto, je\u017celi dane osobowe s\u0105 przetwarzane na podstawie zgody, przys\u0142uguje prawo do jej wycofania. Zgoda mo\u017ce by\u0107 wycofana w ka\u017cdej chwili, co nie wp\u0142ywa na legalno\u015b\u0107 przetwarzania dokonywanego przed jej wycofaniem.<\/p>\n\n\n\n<p>W celu kontaktu odno\u015bnie realizacji danego prawa prosimy o kontakt pod adresem siedziby Administratora albo pod adresem email: <a href=\"pwm@pwm.com.pl\">pwm@pwm.com.pl<\/a><br>Bezpiecze\u0144stwo Pa\u0144stwa danych jest dla nas priorytetem. Je\u017celi przetwarzaj\u0105c dane osobowe naruszamy przepisy RODO, przys\u0142uguje pa\u0144stwu prawo wniesienia skargi do Prezesa Urz\u0119du Ochrony Danych Osobowych.<\/p>\n\n\n\n<p><strong>8. Forma kontaktu<\/strong><\/p>\n\n\n\n<p>Informacji udzielamy na pi\u015bmie lub w inny spos\u00f3b, w tym w stosownych przypadkach elektronicznie. Na \u017cyczenie, informacji mo\u017cemy udzieli\u0107 ustnie, o ile innymi sposobami potwierdzimy pa\u0144stwa to\u017csamo\u015b\u0107. Je\u015bli \u017c\u0105danie zostanie przekazane elektronicznie, w miar\u0119 mo\u017cliwo\u015bci informacje tak\u017ce zostan\u0105 przekazane elektronicznie, chyba, \u017ce zostanie wskazana inna preferowana forma komunikacji.<\/p>\n\n\n\n<p><strong>9. Terminy spe\u0142niania \u017c\u0105da\u0144<\/strong><\/p>\n\n\n\n<p>Informacji staramy si\u0119 udziela\u0107 bez zb\u0119dnej zw\u0142oki, co do zasady w terminie miesi\u0105ca od otrzymania \u017c\u0105dania. W razie potrzeby termin ten mo\u017ce zosta\u0107 przed\u0142u\u017cony o kolejne dwa miesi\u0105ce z uwagi na skomplikowany charakter \u017c\u0105dania lub liczb\u0119 \u017c\u0105da\u0144. Jednak w ka\u017cdym przypadku, w terminie miesi\u0105ca od otrzymania \u017c\u0105dania, poinformujemy pa\u0144stwa o podj\u0119tych dzia\u0142aniach i (w stosownych przypadkach) o przed\u0142u\u017ceniu terminu, z podaniem przyczyny takiego op\u00f3\u017anienia.<\/p>\n\n\n\n<p><strong>10. Podwykonawcy, podmioty przetwarzaj\u0105ce<\/strong><\/p>\n\n\n\n<p>Je\u017celi wsp\u00f3\u0142pracujemy z podmiotami, kt\u00f3re w naszym imieniu przetwarzaj\u0105 dane osobowe, korzystamy wy\u0142\u0105cznie z us\u0142ug takich podmiot\u00f3w przetwarzaj\u0105cych, kt\u00f3re zapewniaj\u0105 wystarczaj\u0105ce gwarancje wdro\u017cenia odpowiednich \u015brodk\u00f3w technicznych i organizacyjnych, by przetwarzanie spe\u0142nia\u0142o wymogi RODO i chroni\u0142o prawa os\u00f3b, kt\u00f3rych dane dotycz\u0105.<\/p>\n\n\n\n<p>Sprawdzamy podmioty, kt\u00f3rym powierzamy przetwarzanie pa\u0144stwa danych. Zawieramy z nimi umowy, a tak\u017ce dokonujemy okresowych kontroli zgodno\u015bci operacji przetwarzania z tre\u015bci\u0105 takiej umowy i przepisami prawa.<\/p>\n\n\n\n<p><strong>11. Retencja danych<\/strong><\/p>\n\n\n\n<p>Dane osobowe przechowujemy w formie umo\u017cliwiaj\u0105cej identyfikacj\u0119 osoby, kt\u00f3rej dane dotycz\u0105, przez okres nie d\u0142u\u017cszy, ni\u017c jest to niezb\u0119dne do cel\u00f3w, w kt\u00f3rych dane te s\u0105 przetwarzane. W procedurze retencji zapewniamy ograniczenie okresu przechowywania danych osobowych do minimum. Okres przetwarzania danych okre\u015blamy w pierwszej kolejno\u015bci na podstawie przepis\u00f3w prawa (np. czas przechowywania dokument\u00f3w rachunkowych), a tak\u017ce usprawiedliwionego interesu administratora (np. dzia\u0142alno\u015b\u0107 marketingowa).<\/p>\n\n\n\n<p>Administrator danych mo\u017ce zachowa\u0107 ograniczon\u0105 cz\u0119\u015b\u0107 danych osobowych w celu wykazania zgodno\u015bci swojego dzia\u0142ania z obowi\u0105zuj\u0105cymi przepisami prawa.<\/p>\n\n\n\n<p><strong>12. Upowa\u017cnienia<\/strong><\/p>\n\n\n\n<p>Zapewniamy, by ka\u017cda osoba dzia\u0142aj\u0105ca z naszego upowa\u017cnienia i maj\u0105ca dost\u0119p do pa\u0144stwa danych osobowych przetwarza\u0142a je wy\u0142\u0105cznie na nasze polecenie, chyba, \u017ce inne wymagania wynikaj\u0105 z prawa Unii Europejskiej lub prawa pa\u0144stwa cz\u0142onkowskiego.<\/p>\n\n\n\n<p><strong>13. Przekazywanie danych poza obszar EOG<\/strong><\/p>\n\n\n\n<p>Nie przekazujemy pa\u0144stwa danych osobowych poza obszar EOG (Europejski Obszar Gospodarczy).<\/p>\n\n\n\n<p><strong>14. Media spo\u0142eczno\u015bciowe<\/strong><\/p>\n\n\n\n<p>Serwisy spo\u0142eczno\u015bciowe oraz serwisy internetowe, z kt\u00f3rych dodatkowo korzysta witryna MzkCh stosuje przekierowania do medi\u00f3w spo\u0142eczno\u015bciowych i platform internetowych:<\/p>\n\n\n\n<p>Facebook.com,<\/p>\n\n\n\n<p>Instagram.com,<\/p>\n\n\n\n<p>YouTube.com,<\/p>\n\n\n\n<p>Twitter.com.<\/p>\n\n\n\n<p>Zamieszczone na stronie internetowej witryny MzkCh \u201epluginy\u201d (wtyczki) mo\u017cna rozpozna\u0107 po logo np. Facebooka, Instagrama. Podczas wizyty na stronie witryny, kt\u00f3ry zawiera wtyczki, przegl\u0105darka tworzy bezpo\u015brednie po\u0142\u0105czenie z wymienionymi serwisami. Zawarto\u015b\u0107 wtyczek jest wysy\u0142ana z serwis\u00f3w bezpo\u015brednio do przegl\u0105darki i integrowana przez ni\u0105 ze stron\u0105 internetow\u0105.<\/p>\n\n\n\n<p>Wydawnictwo nie ma wp\u0142ywu na ilo\u015b\u0107 danych, cel i zakres zbierania danych oraz dalsze przetwarzanie i wykorzystywanie tych danych, pobieranych przy pomocy wtyczek przez ww. serwisy.<\/p>\n\n\n\n<p>Wtyczki mog\u0105 by\u0107 umieszczane przez operator\u00f3w stron na ich w\u0142asnych witrynach internetowych. Klikaj\u0105c na te wtyczki, zarejestrowani u\u017cytkownicy wymienionych serwis\u00f3w mog\u0105 automatycznie zostawi\u0107 na serwisie spo\u0142eczno\u015bciowym, platformie internetowej notatk\u0119 (np. klikniecie \u201eLubi\u0119 to\u201d) z informacj\u0105, \u017ce akceptuj\u0105 zalinkowane tre\u015bci operatora witryny internetowej MzkCh.<\/p>\n\n\n\n<p>Za pomoc\u0105 wtyczek mog\u0105 by\u0107 zbierane oraz udost\u0119pniane dane internetowej aktywno\u015bci online u\u017cytkownika przez ww. serwisy w ramach gromadzenia i przekazywania danych osobowych (transmisji) w zakresie wykorzystywanych przez u\u017cytkownika narz\u0119dzi, sprz\u0119tu oraz oprogramowania teleinformatycznego.<\/p>\n\n\n\n<p>Zintegrowane \u201epluginy\u201d serwisu MzkCh \u201ekomunikuje si\u0119\u201d na bie\u017c\u0105co z wymienionymi serwisami i bezpo\u015brednio podczas wizyty na stronie internetowej, na kt\u00f3rej jest u\u017cywany, wysy\u0142a dane do wymienionych serwis\u00f3w, nawet, gdy u\u017cytkownik na ni\u0105 nie klikn\u0105\u0142.<\/p>\n\n\n\n<p><strong>15. Postanowienia ko\u0144cowe do za\u0142o\u017ce\u0144 Polityki<\/strong><\/p>\n\n\n\n<p>Administrator stosuje \u015brodki techniczne i organizacyjne zapewniaj\u0105ce ochron\u0119 przetwarzanych danych osobowych odpowiedni\u0105 do zagro\u017ce\u0144 oraz kategorii danych obj\u0119tych ochron\u0105, a w szczeg\u00f3lno\u015bci zabezpiecza dane przed ich udost\u0119pnieniem osobom nieupowa\u017cnionym, zabraniem przez osob\u0119 nieuprawnion\u0105, przetwarzaniem z naruszeniem obowi\u0105zuj\u0105cych przepis\u00f3w oraz zmian\u0105, utrat\u0105, uszkodzeniem lub zniszczeniem.<\/p>\n\n\n\n<p>Zamieszczone materia\u0142y i tre\u015bci na stronach internetowych realizuj\u0105 zadania artystyczne, edukacyjne, naukowe, handlowe w tym p\u0142atne oferty i s\u0105 zgodne ze statutem Wydawnictwa.<\/p>\n\n\n\n<p><strong>16. Zmiana Polityki<\/strong><\/p>\n\n\n\n<p>Administrator mo\u017ce dokona\u0107 zmiany Polityki w przypadku zmiany przepis\u00f3w prawa lub zmiany funkcjonalno\u015bci strony internetowej, powoduj\u0105cej konieczno\u015b\u0107 dostosowania tego dokumentu.<\/p>\n","protected":false},"excerpt":{"rendered":"<p>Szanowni Pa\u0144stwo! Dbamy o Wasz\u0105 prywatno\u015b\u0107 i zale\u017cy nam, aby\u015bcie czuli si\u0119 z nami komfortowo, w zwi\u0105zku z tym dostosowali\u015bmy kilka element\u00f3w by u\u0142atwi\u0107 Pa\u0144stwu wgl\u0105d w rodzaje i cele gromadzonych danych. 1. Postanowienia og\u00f3lne Niniejsza polityka prywatno\u015bci serwisu internetowego ma charakter informacyjny. Wydawca serwisu internetowego, MzkCh stosuje odpowiednie rozwi\u0105zania technologiczne zapobiegaj\u0105ce ingerencji os\u00f3b trzecich [&hellip;]<\/p>\n","protected":false},"author":4,"featured_media":0,"parent":0,"menu_order":0,"comment_status":"closed","ping_status":"closed","template":"","meta":{"_acf_changed":false,"inline_featured_image":false,"footnotes":""},"class_list":["post-2299","page","type-page","status-publish","hentry"],"acf":[],"_links":{"self":[{"href":"https:\/\/fromchopinsland.com\/pl\/wp-json\/wp\/v2\/pages\/2299","targetHints":{"allow":["GET"]}}],"collection":[{"href":"https:\/\/fromchopinsland.com\/pl\/wp-json\/wp\/v2\/pages"}],"about":[{"href":"https:\/\/fromchopinsland.com\/pl\/wp-json\/wp\/v2\/types\/page"}],"author":[{"embeddable":true,"href":"https:\/\/fromchopinsland.com\/pl\/wp-json\/wp\/v2\/users\/4"}],"replies":[{"embeddable":true,"href":"https:\/\/fromchopinsland.com\/pl\/wp-json\/wp\/v2\/comments?post=2299"}],"version-history":[{"count":3,"href":"https:\/\/fromchopinsland.com\/pl\/wp-json\/wp\/v2\/pages\/2299\/revisions"}],"predecessor-version":[{"id":2708,"href":"https:\/\/fromchopinsland.com\/pl\/wp-json\/wp\/v2\/pages\/2299\/revisions\/2708"}],"wp:attachment":[{"href":"https:\/\/fromchopinsland.com\/pl\/wp-json\/wp\/v2\/media?parent=2299"}],"curies":[{"name":"wp","href":"https:\/\/api.w.org\/{rel}","templated":true}]}}