{"id":2301,"date":"2022-06-21T07:54:11","date_gmt":"2022-06-21T07:54:11","guid":{"rendered":"https:\/\/fromchopinsland.com\/?page_id=2301"},"modified":"2022-06-21T07:59:05","modified_gmt":"2022-06-21T07:59:05","slug":"polityka-cookies","status":"publish","type":"page","link":"https:\/\/fromchopinsland.com\/pl\/polityka-cookies\/","title":{"rendered":"Polityka cookies"},"content":{"rendered":"\n<p>Serwis internetowy Muzyka z kraju Chopina wykorzystuje technologi\u0119 cookies, czyli plik\u00f3w tekstowych umieszczanych na urz\u0105dzeniach U\u017cytkownik\u00f3w (np. komputerach, tabletach, smartfonach) za po\u015brednictwem przegl\u0105darek internetowych. Pliki te pozwalaj\u0105 na przechowywanie okre\u015blonych informacji na urz\u0105dzeniu U\u017cytkownika, a nast\u0119pnie ich odczytanie przez serwis, kt\u00f3ry te pliki stworzy\u0142. Cookies zawieraj\u0105 nazwy domen serwisu internetowego, z kt\u00f3rego pochodz\u0105, tak\u017ce czas przechowywania ich na urz\u0105dzeniu ko\u0144cowym oraz unikatowy numer.<\/p>\n\n\n\n<p><strong>Cookies wykorzystywane s\u0105 w celu:<\/strong><\/p>\n\n\n\n<p>dopasowania zawarto\u015bci witryn serwisu internetowego Muzyka z kraju Chopina do indywidualnych upodoba\u0144 U\u017cytkownika oraz optymalizacji korzystania przez niego ze stron internetowych (cookies pozwalaj\u0105 w szczeg\u00f3lno\u015bci na rozpoznanie urz\u0105dzenia U\u017cytkownika serwisu i odpowiednie wy\u015bwietlenie strony internetowej, tak by by\u0142a ona mo\u017cliwie najlepiej dostosowana do jego jednostkowych potrzeb);<\/p>\n\n\n\n<p>tworzenia statystyk (aby\u015bmy mogli lepiej zrozumie\u0107, w jaki spos\u00f3b U\u017cytkownicy naszego serwisu internetowego korzystaj\u0105 ze stron internetowych, a w konsekwencji mogli ulepszy\u0107 struktur\u0119 i zawarto\u015b\u0107 tych stron);<\/p>\n\n\n\n<p>dostarczania U\u017cytkownikom tre\u015bci reklamowych odpowiadaj\u0105cych ich indywidualnym preferencjom.<\/p>\n\n\n\n<p>Serwis internetowy Muzyka z kraju Chopina nie przechowuje \u017cadnych informacji o konfiguracji sprz\u0119towej komputera lub programach zainstalowanych na komputerze U\u017cytkownika.<\/p>\n\n\n\n<p><strong>Zmiana ustawie\u0144 plik\u00f3w cookies<\/strong><\/p>\n\n\n\n<p>Zazwyczaj przegl\u0105darka internetowa U\u017cytkownika domy\u015blnie dopuszcza przechowywanie plik\u00f3w cookies<br>w urz\u0105dzeniu ko\u0144cowym U\u017cytkownika. W ka\u017cdej chwili jednak U\u017cytkownicy serwisu internetowego maj\u0105 mo\u017cliwo\u015b\u0107 i prawo do dokonywania zmiany ustawie\u0144 dotycz\u0105cych cookies. Aby dokona\u0107 zmiany ustawie\u0144 plik\u00f3w cookies U\u017cytkownicy powinni zapozna\u0107 si\u0119 ze szczeg\u00f3\u0142owymi informacjami o mo\u017cliwo\u015bciach<br>i sposobach obs\u0142ugi cookies, kt\u00f3re s\u0105 dost\u0119pne w ustawieniach przegl\u0105darki internetowej.<\/p>\n\n\n\n<p>W przypadku, gdy U\u017cytkownik nie zgadza si\u0119 na umieszczanie na swoim urz\u0105dzeniu plik\u00f3w cookies mo\u017ce zablokowa\u0107 ich umieszczenie odpowiednio konfiguruj\u0105c swoj\u0105 przegl\u0105dark\u0119 internetow\u0105. Informacje jak to zrobi\u0107 znajdzie w plikach pomocy swojej przegl\u0105darki internetowej. Niestety w przypadku zablokowania plik\u00f3w cookies pochodz\u0105cych z serwisu nie mo\u017cemy zagwarantowa\u0107 jego poprawnego dzia\u0142ania. Je\u017celi U\u017cytkownik nie dokona zmiany ustawie\u0144 w zakresie cookies to pliki te b\u0119d\u0105 zamieszczone w urz\u0105dzeniu ko\u0144cowym U\u017cytkownika. Oznacza to, i\u017c b\u0119dziemy przechowywa\u0107 informacje w urz\u0105dzeniu ko\u0144cowym U\u017cytkownika i uzyskiwa\u0107 dost\u0119p do tych informacji.<\/p>\n\n\n\n<p><strong>Gooogle Analytics<\/strong><strong><\/strong><\/p>\n\n\n\n<p>Google Analytics wykorzystuje technologi\u0119 cookies, czyli plik\u00f3w tekstowych umieszczanych na urz\u0105dzeniu,<br>w celu umo\u017cliwienia przeanalizowania przez serwis \u017ar\u00f3de\u0142 ruchu i sposobu, w jaki odwiedzaj\u0105cy korzystaj\u0105<br>z niego. Google gromadzi na swoich serwerach dane pozyskane z umieszczania na urz\u0105dzeniach plik\u00f3w cookies i korzysta z tych informacji w celu tworzenia raport\u00f3w i \u015bwiadczenia innych us\u0142ug zwi\u0105zanych\u00a0<br>z ruchem i korzystaniem z Internetu. Google mo\u017ce r\u00f3wnie\u017c przekazywa\u0107 te informacje osobom trzecim, je\u017celi b\u0119dzie zobowi\u0105zane to uczyni\u0107 na podstawie przepis\u00f3w prawa lub w przypadku, gdy osoby te przetwarzaj\u0105 takie informacje w imieniu Google. Dane te stanowi\u0105 jedynie materia\u0142 do analizy statystycznej i mechanizm\u00f3w korygowania b\u0142\u0119d\u00f3w systemowych.<\/p>\n\n\n\n<p><strong>Zgoda na technologi\u0119 cookies<\/strong><\/p>\n\n\n\n<p>Serwis internetowy Muzyka z kraju Chopina wykorzystuje pliki cookies. Korzystaj\u0105c ze strony serwisu, U\u017cytkownik wyra\u017ca zgod\u0119 na wykorzystywanie technologii cookies w celach okre\u015blonych w ww. polityce \u00a0podczas przegl\u0105dania serwisu. Ustawienia dla tych plik\u00f3w mo\u017cna zmieni\u0107 w ka\u017cdej chwili za pomoc\u0105 ustawie\u0144 przegl\u0105darki. Brak zmiany ustawie\u0144 przegl\u0105darki oznacza zgod\u0119 na wykorzystywanie technologii.<\/p>\n\n\n\n<p><\/p>\n","protected":false},"excerpt":{"rendered":"<p>Serwis internetowy Muzyka z kraju Chopina wykorzystuje technologi\u0119 cookies, czyli plik\u00f3w tekstowych umieszczanych na urz\u0105dzeniach U\u017cytkownik\u00f3w (np. komputerach, tabletach, smartfonach) za po\u015brednictwem przegl\u0105darek internetowych. Pliki te pozwalaj\u0105 na przechowywanie okre\u015blonych informacji na urz\u0105dzeniu U\u017cytkownika, a nast\u0119pnie ich odczytanie przez serwis, kt\u00f3ry te pliki stworzy\u0142. Cookies zawieraj\u0105 nazwy domen serwisu internetowego, z kt\u00f3rego pochodz\u0105, tak\u017ce czas [&hellip;]<\/p>\n","protected":false},"author":4,"featured_media":0,"parent":0,"menu_order":0,"comment_status":"closed","ping_status":"closed","template":"","meta":{"_acf_changed":false,"inline_featured_image":false,"footnotes":""},"class_list":["post-2301","page","type-page","status-publish","hentry"],"acf":[],"_links":{"self":[{"href":"https:\/\/fromchopinsland.com\/pl\/wp-json\/wp\/v2\/pages\/2301","targetHints":{"allow":["GET"]}}],"collection":[{"href":"https:\/\/fromchopinsland.com\/pl\/wp-json\/wp\/v2\/pages"}],"about":[{"href":"https:\/\/fromchopinsland.com\/pl\/wp-json\/wp\/v2\/types\/page"}],"author":[{"embeddable":true,"href":"https:\/\/fromchopinsland.com\/pl\/wp-json\/wp\/v2\/users\/4"}],"replies":[{"embeddable":true,"href":"https:\/\/fromchopinsland.com\/pl\/wp-json\/wp\/v2\/comments?post=2301"}],"version-history":[{"count":2,"href":"https:\/\/fromchopinsland.com\/pl\/wp-json\/wp\/v2\/pages\/2301\/revisions"}],"predecessor-version":[{"id":2304,"href":"https:\/\/fromchopinsland.com\/pl\/wp-json\/wp\/v2\/pages\/2301\/revisions\/2304"}],"wp:attachment":[{"href":"https:\/\/fromchopinsland.com\/pl\/wp-json\/wp\/v2\/media?parent=2301"}],"curies":[{"name":"wp","href":"https:\/\/api.w.org\/{rel}","templated":true}]}}