{"id":2410,"date":"2022-06-21T10:15:28","date_gmt":"2022-06-21T10:15:28","guid":{"rendered":"https:\/\/fromchopinsland.com\/?page_id=2410"},"modified":"2022-06-21T11:08:47","modified_gmt":"2022-06-21T11:08:47","slug":"deklaracja-dostepnosci","status":"publish","type":"page","link":"https:\/\/fromchopinsland.com\/pl\/deklaracja-dostepnosci\/","title":{"rendered":"Deklaracja dost\u0119pno\u015bci"},"content":{"rendered":"\n<p>Muzyka z kraju Chopina zobowi\u0105zuje si\u0119 zapewni\u0107 dost\u0119pno\u015b\u0107 swojej strony internetowej zgodnie z ustaw\u0105 z dnia 4 kwietnia 2019 r. o\u00a0dost\u0119pno\u015bci cyfrowej stron internetowych i aplikacji mobilnych podmiot\u00f3w publicznych.<br><strong><br>O\u015bwiadczenie w sprawie dost\u0119pno\u015bci ma zastosowanie do niniejszej strony internetowej instytucji.<\/strong><br><br>Strona internetowa jest cz\u0119\u015bciowo zgodna z ustaw\u0105 z dnia 4 kwietnia 2019 r. o dost\u0119pno\u015bci cyfrowej stron internetowych i\u00a0aplikacji mobilnych podmiot\u00f3w publicznych z powodu niezgodno\u015bci lub wy\u0142\u0105cze\u0144 wymienionych poni\u017cej:<br><br>\u2013 W cz\u0119\u015bci film\u00f3w nie ma napis\u00f3w dla os\u00f3b nies\u0142ysz\u0105cych i g\u0142uchych,<br>\u2013 Brak audiodeskrypcji dla materia\u0142\u00f3w video\/multimedialnych.<\/p>\n\n\n\n<p>Dodatkowo, strona posiada wersj\u0119 kontrastow\u0105, przygotowan\u0105 dla os\u00f3b s\u0142abiej widz\u0105cych.<br><br>O\u015bwiadczenie sporz\u0105dzono dnia: 21.06.2022. Deklaracj\u0119 sporz\u0105dzono na podstawie samooceny przeprowadzonej przez\u00a0podmiot publiczny.<br><\/p>\n\n\n\n<p><strong>Skr\u00f3ty klawiaturowe:<\/strong><br><br>Na stronie internetowej mo\u017cna u\u017cywa\u0107 standardowych skr\u00f3t\u00f3w klawiaturowych przegl\u0105darki.<br><br><strong>Informacje zwrotne i dane kontaktowe:<\/strong><br><br>W przypadku problem\u00f3w z dost\u0119pno\u015bci\u0105 strony internetowej prosimy o kontakt: <a href=\"mailto:XYZ@mail.com\"><\/a><a href=\"mailto:pwm@pwm.com.pl\">pwm@pwm.com<\/a>.pl  <\/p>\n\n\n\n<p>T\u0105 sam\u0105 drog\u0105 mo\u017cna sk\u0142ada\u0107 wnioski o udost\u0119pnienie informacji niedost\u0119pnej oraz sk\u0142ada\u0107 \u017c\u0105dania\u00a0zapewnienia dost\u0119pno\u015bci.<br><br>Ka\u017cdy ma prawo do wyst\u0105pienia z \u017c\u0105daniem zapewnienia dost\u0119pno\u015bci cyfrowej strony internetowej, aplikacji mobilnej lub\u00a0jakiego\u015b ich elementu. Mo\u017cna tak\u017ce za\u017c\u0105da\u0107 udost\u0119pnienia informacji za pomoc\u0105 alternatywnego sposobu dost\u0119pu, na\u00a0przyk\u0142ad przez odczytanie niedost\u0119pnego cyfrowo dokumentu, opisanie zawarto\u015bci filmu bez audiodeskrypcji itp. \u017b\u0105danie\u00a0powinno zawiera\u0107 dane osoby zg\u0142aszaj\u0105cej \u017c\u0105danie, wskazanie, o kt\u00f3r\u0105 stron\u0119 internetow\u0105 lub aplikacj\u0119 mobiln\u0105 chodzi\u00a0oraz spos\u00f3b kontaktu. Je\u017celi osoba \u017c\u0105daj\u0105ca zg\u0142asza potrzeb\u0119 otrzymania informacji za pomoc\u0105 alternatywnego sposobu\u00a0dost\u0119pu, powinna tak\u017ce okre\u015bli\u0107 dogodny dla niej spos\u00f3b przedstawienia tej informacji. Podmiot publiczny powinien\u00a0zrealizowa\u0107 \u017c\u0105danie niezw\u0142ocznie, nie p\u00f3\u017aniej ni\u017c w ci\u0105gu 7 dni od dnia wyst\u0105pienia z \u017c\u0105daniem. Je\u017celi dotrzymanie tego\u00a0terminu nie jest mo\u017cliwe, podmiot publiczny niezw\u0142ocznie informuje o tym wnosz\u0105cego \u017c\u0105danie, kiedy realizacja \u017c\u0105dania\u00a0b\u0119dzie mo\u017cliwa, przy czym termin ten nie mo\u017ce by\u0107 d\u0142u\u017cszy ni\u017c 2 miesi\u0105ce od dnia wyst\u0105pienia z \u017c\u0105daniem. Je\u017celi\u00a0zapewnienie dost\u0119pno\u015bci cyfrowej nie jest mo\u017cliwe, podmiot publiczny mo\u017ce zaproponowa\u0107 alternatywny spos\u00f3b dost\u0119pu\u00a0do informacji. W przypadku, gdy podmiot publiczny odm\u00f3wi realizacji \u017c\u0105dania zapewnienia dost\u0119pno\u015bci lub\u00a0alternatywnego sposobu dost\u0119pu do informacji, wnosz\u0105cy \u017c\u0105danie mo\u017cne z\u0142o\u017cy\u0107 skarg\u0119 w sprawie zapewniana\u00a0dost\u0119pno\u015bci cyfrowej strony internetowej, aplikacji mobilnej lub elementu strony internetowej, lub aplikacji mobilnej. Po\u00a0wyczerpaniu wskazanej wy\u017cej procedury mo\u017cna tak\u017ce z\u0142o\u017cy\u0107 wniosek do Rzecznika Praw Obywatelskich.<br><br>Zach\u0119camy do odwiedzenia strony internetowej\u00a0<strong><a href=\"https:\/\/bip.brpo.gov.pl\/\">Rzecznika Praw Obywatelskich<\/a>.<\/strong><\/p>\n","protected":false},"excerpt":{"rendered":"<p>Muzyka z kraju Chopina zobowi\u0105zuje si\u0119 zapewni\u0107 dost\u0119pno\u015b\u0107 swojej strony internetowej zgodnie z ustaw\u0105 z dnia 4 kwietnia 2019 r. o\u00a0dost\u0119pno\u015bci cyfrowej stron internetowych i aplikacji mobilnych podmiot\u00f3w publicznych.O\u015bwiadczenie w sprawie dost\u0119pno\u015bci ma zastosowanie do niniejszej strony internetowej instytucji. Strona internetowa jest cz\u0119\u015bciowo zgodna z ustaw\u0105 z dnia 4 kwietnia 2019 r. o dost\u0119pno\u015bci cyfrowej [&hellip;]<\/p>\n","protected":false},"author":4,"featured_media":0,"parent":0,"menu_order":0,"comment_status":"closed","ping_status":"closed","template":"","meta":{"_acf_changed":false,"inline_featured_image":false,"footnotes":""},"class_list":["post-2410","page","type-page","status-publish","hentry"],"acf":[],"_links":{"self":[{"href":"https:\/\/fromchopinsland.com\/pl\/wp-json\/wp\/v2\/pages\/2410","targetHints":{"allow":["GET"]}}],"collection":[{"href":"https:\/\/fromchopinsland.com\/pl\/wp-json\/wp\/v2\/pages"}],"about":[{"href":"https:\/\/fromchopinsland.com\/pl\/wp-json\/wp\/v2\/types\/page"}],"author":[{"embeddable":true,"href":"https:\/\/fromchopinsland.com\/pl\/wp-json\/wp\/v2\/users\/4"}],"replies":[{"embeddable":true,"href":"https:\/\/fromchopinsland.com\/pl\/wp-json\/wp\/v2\/comments?post=2410"}],"version-history":[{"count":4,"href":"https:\/\/fromchopinsland.com\/pl\/wp-json\/wp\/v2\/pages\/2410\/revisions"}],"predecessor-version":[{"id":2416,"href":"https:\/\/fromchopinsland.com\/pl\/wp-json\/wp\/v2\/pages\/2410\/revisions\/2416"}],"wp:attachment":[{"href":"https:\/\/fromchopinsland.com\/pl\/wp-json\/wp\/v2\/media?parent=2410"}],"curies":[{"name":"wp","href":"https:\/\/api.w.org\/{rel}","templated":true}]}}